{"id":1444,"date":"2025-08-29T11:25:34","date_gmt":"2025-08-29T11:25:34","guid":{"rendered":"https:\/\/glassevents.es\/glass-events\/"},"modified":"2026-03-03T11:18:07","modified_gmt":"2026-03-03T11:18:07","slug":"glass-events","status":"publish","type":"page","link":"https:\/\/glassevents.es\/gl\/glass-events\/","title":{"rendered":"Glass Events"},"content":{"rendered":"\t\t<div data-elementor-type=\"wp-post\" data-elementor-id=\"1444\" class=\"elementor elementor-1444 elementor-7\">\n\t\t\t\t<div class=\"elementor-element elementor-element-59b69d0 e-flex e-con-boxed e-con e-parent\" data-id=\"59b69d0\" data-element_type=\"container\" data-e-type=\"container\" data-settings=\"{&quot;background_background&quot;:&quot;classic&quot;}\">\n\t\t\t\t\t<div class=\"e-con-inner\">\n\t\t<div class=\"elementor-element elementor-element-f7595f5 e-con-full e-flex e-con e-child\" data-id=\"f7595f5\" data-element_type=\"container\" data-e-type=\"container\">\n\t\t\t\t<div class=\"elementor-element elementor-element-2504811 elementor-widget elementor-widget-heading\" data-id=\"2504811\" data-element_type=\"widget\" data-e-type=\"widget\" data-widget_type=\"heading.default\">\n\t\t\t\t\t<h1 class=\"elementor-heading-title elementor-size-default\">N\u00f3s<\/h1>\t\t\t\t<\/div>\n\t\t\t\t<div class=\"elementor-element elementor-element-710f694 elementor-widget-mobile__width-initial uael-fancytext-stack-no elementor-widget elementor-widget-uael-fancy-heading\" data-id=\"710f694\" data-element_type=\"widget\" data-e-type=\"widget\" data-settings=\"{&quot;fancytext_align&quot;:&quot;left&quot;,&quot;fancytext_space_prefix&quot;:{&quot;unit&quot;:&quot;px&quot;,&quot;size&quot;:&quot;0&quot;,&quot;sizes&quot;:[]},&quot;fancytext_space_prefix_tablet&quot;:{&quot;unit&quot;:&quot;px&quot;,&quot;size&quot;:&quot;&quot;,&quot;sizes&quot;:[]},&quot;fancytext_space_prefix_mobile&quot;:{&quot;unit&quot;:&quot;px&quot;,&quot;size&quot;:&quot;&quot;,&quot;sizes&quot;:[]}}\" data-widget_type=\"uael-fancy-heading.default\">\n\t\t\t\t<div class=\"elementor-widget-container\">\n\t\t\t\t\t\t\t<div class=\"uael-module-content uael-fancy-text-node \" data-animation=\"slide\" data-speed=\"500\" data-pause=\"2000\" data-mousepause=\"\" data-strings=\"[&quot;Profesionais do espect\\u00e1culo&quot;,&quot;T\\u00e9cnicos de confianza&quot;,&quot;Apaixonados polos eventos&quot;,&quot;Especialistas en son&quot;,&quot;Especialistas en iluminaci\\u00f3n&quot;,&quot;&quot;]\">\n\t\t\t\t\t\t\t\t\t\t\t<h2 class=\"uael-fancy-text-wrap uael-fancy-text-slide\">\n\t\t\t\t\t\t\t\t\t\t\t<span class=\"uael-fancy-stack\">\n\t\t\t\t\t\t\t\t\t\t\t\t<span class=\"uael-fancy-heading uael-fancy-text-main uael-slide-main uael-adjust-width\">\n\t\t\t\t\t\t\t\t<span class=\"uael-slide-main_ul\">\n\t\t\t\t\t\t\t\t\t\t\t\t\t\t\t\t\t\t\t\t\t\t\t\t\t\t\t\t\t\t<span class=\"uael-slide-block \"><span class=\"uael-slide_text\">Profesionais do espect\u00e1culo<\/span>\n\t\t\t\t\t\t\t\t\t\t\t<\/span>\n\t\t\t\t\t\t\t\t\t\t\t\t\t\t\t\t\t\t\t\t\t\t\t\t\t\t\t\t\t\t\t\t\t\t\t\t\t\t\t\t\t\t<span class=\"uael-slide-block \"><span class=\"uael-slide_text\">T\u00e9cnicos de confianza<\/span>\n\t\t\t\t\t\t\t\t\t\t\t<\/span>\n\t\t\t\t\t\t\t\t\t\t\t\t\t\t\t\t\t\t\t\t\t\t\t\t\t\t\t\t\t\t\t\t\t\t\t\t\t\t\t\t\t\t<span class=\"uael-slide-block \"><span class=\"uael-slide_text\">Apaixonados polos eventos<\/span>\n\t\t\t\t\t\t\t\t\t\t\t<\/span>\n\t\t\t\t\t\t\t\t\t\t\t\t\t\t\t\t\t\t\t\t\t\t\t\t\t\t\t\t\t\t\t\t\t\t\t\t\t\t\t\t\t\t<span class=\"uael-slide-block \"><span class=\"uael-slide_text\">Especialistas en son<\/span>\n\t\t\t\t\t\t\t\t\t\t\t<\/span>\n\t\t\t\t\t\t\t\t\t\t\t\t\t\t\t\t\t\t\t\t\t\t\t\t\t\t\t\t\t\t\t\t\t\t\t\t\t\t\t\t\t\t<span class=\"uael-slide-block \"><span class=\"uael-slide_text\">Especialistas en iluminaci\u00f3n<\/span>\n\t\t\t\t\t\t\t\t\t\t\t<\/span>\n\t\t\t\t\t\t\t\t\t\t\t\t\t\t\t\t\t\t\t\t\t\t\t\t\t\t\t\t\t<\/span>\n\t\t\t\t\t\t\t<\/span>\n\t\t\t\t\t\t\t\t\t\t\t\t<\/span>\n\t\t\t\t\t\t\t\t\t<\/h2>\t\t\t\t\t<\/div>\n\t\t\t\t\t\t<\/div>\n\t\t\t\t<\/div>\n\t\t\t\t<\/div>\n\t\t\t\t\t<\/div>\n\t\t\t\t<\/div>\n\t\t<div class=\"elementor-element elementor-element-8803f49 e-flex e-con-boxed e-con e-parent\" data-id=\"8803f49\" data-element_type=\"container\" data-e-type=\"container\" data-settings=\"{&quot;background_background&quot;:&quot;classic&quot;}\">\n\t\t\t\t\t<div class=\"e-con-inner\">\n\t\t<div class=\"elementor-element elementor-element-62f1f79 e-con-full e-flex e-con e-child\" data-id=\"62f1f79\" data-element_type=\"container\" data-e-type=\"container\" data-settings=\"{&quot;background_background&quot;:&quot;classic&quot;}\">\n\t\t\t\t<div class=\"elementor-element elementor-element-ca3f9e4 uael-dual-heading-align-left elementor-widget elementor-widget-uael-dual-color-heading\" data-id=\"ca3f9e4\" data-element_type=\"widget\" data-e-type=\"widget\" data-widget_type=\"uael-dual-color-heading.default\">\n\t\t\t\t<div class=\"elementor-widget-container\">\n\t\t\t\t\t\t\t\t\t<div class=\"uael-module-content uael-dual-color-heading uael-heading-stack-none\">\n\t\t\t<h3>\n\t\t\t\t\t\t\t\t\t\t\t\t\t\t\t\t<span class=\"uael-before-heading\"><span class=\"elementor-inline-editing uael-dual-heading-text uael-first-text\" data-elementor-setting-key=\"before_heading_text\" data-elementor-inline-editing-toolbar=\"basic\"><\/span><\/span><span class=\"uael-adv-heading-stack\"><span class=\"elementor-inline-editing uael-dual-heading-text uael-highlight-text\" data-elementor-setting-key=\"second_heading_text\" data-elementor-inline-editing-toolbar=\"basic\">En Glass Events levamos anos dedic\u00e1ndonos \u00e1 montaxe t\u00e9cnica de eventos en Galicia e o noroeste de Espa\u00f1a.<\/span><\/span>\t\t\t\t\t\t\t\t\t\t\t\t\t<\/h3>\n\t\t<\/div>\n\t\t\t\t\t\t<\/div>\n\t\t\t\t<\/div>\n\t\t\t\t<div class=\"elementor-element elementor-element-ef79148 elementor-widget elementor-widget-text-editor\" data-id=\"ef79148\" data-element_type=\"widget\" data-e-type=\"widget\" data-widget_type=\"text-editor.default\">\n\t\t\t\t\t\t\t\t\t<p data-start=\"868\" data-end=\"891\">Somos especialistas en:<\/p><ul data-start=\"894\" data-end=\"1018\"><li data-start=\"894\" data-end=\"918\"><p data-start=\"896\" data-end=\"918\"><strong data-start=\"896\" data-end=\"918\">Escenarios m\u00f3biles<\/strong><\/p><\/li><li data-start=\"921\" data-end=\"945\"><p data-start=\"923\" data-end=\"945\"><strong data-start=\"923\" data-end=\"945\">Son profesional<\/strong><\/p><\/li><li data-start=\"948\" data-end=\"978\"><p data-start=\"950\" data-end=\"978\"><strong data-start=\"950\" data-end=\"978\">Iluminaci\u00f3n espectacular<\/strong><\/p><\/li><li data-start=\"981\" data-end=\"1014\"><p data-start=\"983\" data-end=\"1014\"><strong data-start=\"983\" data-end=\"1014\">Asistencia t\u00e9cnica integral<\/strong><\/p><\/li><\/ul><p data-start=\"1021\" data-end=\"1171\">O noso traballo destaca pola <strong data-start=\"1052\" data-end=\"1082\">calidade do equipo t\u00e9cnico<\/strong>, a <strong data-start=\"1087\" data-end=\"1114\">rapidez nas montaxes<\/strong> e o <strong data-start=\"1120\" data-end=\"1153\">trato directo e personalizado<\/strong> con cada cliente.<\/p>\t\t\t\t\t\t\t\t<\/div>\n\t\t\t\t<div class=\"elementor-element elementor-element-e07aaca elementor-widget elementor-widget-text-editor\" data-id=\"e07aaca\" data-element_type=\"widget\" data-e-type=\"widget\" data-widget_type=\"text-editor.default\">\n\t\t\t\t\t\t\t\t\t<p>A nosa base est\u00e1 en <strong data-start=\"1640\" data-end=\"1657\">Sarria (Lugo)<\/strong>, pero traballamos por todo o <strong data-start=\"1687\" data-end=\"1710\">noroeste peninsular<\/strong>, principalmente en Galicia e arredores.<\/p>\t\t\t\t\t\t\t\t<\/div>\n\t\t\t\t<\/div>\n\t\t<div class=\"elementor-element elementor-element-71be476 e-con-full e-flex e-con e-child\" data-id=\"71be476\" data-element_type=\"container\" data-e-type=\"container\">\n\t\t\t\t<\/div>\n\t\t\t\t\t<\/div>\n\t\t\t\t<\/div>\n\t\t<div class=\"elementor-element elementor-element-8018cd0 e-flex e-con-boxed e-con e-parent\" data-id=\"8018cd0\" data-element_type=\"container\" data-e-type=\"container\" data-settings=\"{&quot;background_background&quot;:&quot;classic&quot;}\">\n\t\t\t\t\t<div class=\"e-con-inner\">\n\t\t<div class=\"elementor-element elementor-element-92d873e e-con-full e-flex e-con e-child\" data-id=\"92d873e\" data-element_type=\"container\" data-e-type=\"container\">\n\t\t<div class=\"elementor-element elementor-element-98402ca e-con-full e-flex e-con e-child\" data-id=\"98402ca\" data-element_type=\"container\" data-e-type=\"container\">\n\t\t<div class=\"elementor-element elementor-element-f0314b5 e-con-full e-flex e-con e-child\" data-id=\"f0314b5\" data-element_type=\"container\" data-e-type=\"container\">\n\t\t\t\t<div class=\"elementor-element elementor-element-e70592a elementor-widget elementor-widget-heading\" data-id=\"e70592a\" data-element_type=\"widget\" data-e-type=\"widget\" data-widget_type=\"heading.default\">\n\t\t\t\t\t<h2 class=\"elementor-heading-title elementor-size-default\">  Profesionalidade<\/h2>\t\t\t\t<\/div>\n\t\t\t\t<div class=\"elementor-element elementor-element-2c95d34 elementor-widget-divider--view-line elementor-widget elementor-widget-divider\" data-id=\"2c95d34\" data-element_type=\"widget\" data-e-type=\"widget\" data-widget_type=\"divider.default\">\n\t\t\t\t\t\t\t<div class=\"elementor-divider\">\n\t\t\t<span class=\"elementor-divider-separator\">\n\t\t\t\t\t\t<\/span>\n\t\t<\/div>\n\t\t\t\t\t\t<\/div>\n\t\t\t\t<div class=\"elementor-element elementor-element-ac43d1b elementor-widget elementor-widget-heading\" data-id=\"ac43d1b\" data-element_type=\"widget\" data-e-type=\"widget\" data-widget_type=\"heading.default\">\n\t\t\t\t\t<p class=\"elementor-heading-title elementor-size-default\">Persoal t\u00e9cnico cualificado e apaixonado polos eventos.<\/p>\t\t\t\t<\/div>\n\t\t\t\t<\/div>\n\t\t<div class=\"elementor-element elementor-element-d76fd19 e-con-full e-flex e-con e-child\" data-id=\"d76fd19\" data-element_type=\"container\" data-e-type=\"container\">\n\t\t\t\t<div class=\"elementor-element elementor-element-0b2ad20 elementor-widget elementor-widget-heading\" data-id=\"0b2ad20\" data-element_type=\"widget\" data-e-type=\"widget\" data-widget_type=\"heading.default\">\n\t\t\t\t\t<h2 class=\"elementor-heading-title elementor-size-default\">Rapidez e eficiencia<\/h2>\t\t\t\t<\/div>\n\t\t\t\t<div class=\"elementor-element elementor-element-5cd4f4c elementor-widget-divider--view-line elementor-widget elementor-widget-divider\" data-id=\"5cd4f4c\" data-element_type=\"widget\" data-e-type=\"widget\" data-widget_type=\"divider.default\">\n\t\t\t\t\t\t\t<div class=\"elementor-divider\">\n\t\t\t<span class=\"elementor-divider-separator\">\n\t\t\t\t\t\t<\/span>\n\t\t<\/div>\n\t\t\t\t\t\t<\/div>\n\t\t\t\t<div class=\"elementor-element elementor-element-241b167 elementor-widget elementor-widget-heading\" data-id=\"241b167\" data-element_type=\"widget\" data-e-type=\"widget\" data-widget_type=\"heading.default\">\n\t\t\t\t\t<p class=\"elementor-heading-title elementor-size-default\">Montaxe e desmontaxe expr\u00e9s, sen complicaci\u00f3ns.<\/p>\t\t\t\t<\/div>\n\t\t\t\t<\/div>\n\t\t<div class=\"elementor-element elementor-element-638251b e-con-full e-flex e-con e-child\" data-id=\"638251b\" data-element_type=\"container\" data-e-type=\"container\">\n\t\t\t\t<div class=\"elementor-element elementor-element-5232dca elementor-widget elementor-widget-heading\" data-id=\"5232dca\" data-element_type=\"widget\" data-e-type=\"widget\" data-widget_type=\"heading.default\">\n\t\t\t\t\t<h2 class=\"elementor-heading-title elementor-size-default\">Soluci\u00f3ns \u00e1 medida<\/h2>\t\t\t\t<\/div>\n\t\t\t\t<div class=\"elementor-element elementor-element-7a0d3a1 elementor-widget-divider--view-line elementor-widget elementor-widget-divider\" data-id=\"7a0d3a1\" data-element_type=\"widget\" data-e-type=\"widget\" data-widget_type=\"divider.default\">\n\t\t\t\t\t\t\t<div class=\"elementor-divider\">\n\t\t\t<span class=\"elementor-divider-separator\">\n\t\t\t\t\t\t<\/span>\n\t\t<\/div>\n\t\t\t\t\t\t<\/div>\n\t\t\t\t<div class=\"elementor-element elementor-element-e1b3360 elementor-widget elementor-widget-heading\" data-id=\"e1b3360\" data-element_type=\"widget\" data-e-type=\"widget\" data-widget_type=\"heading.default\">\n\t\t\t\t\t<p class=\"elementor-heading-title elementor-size-default\">Adapt\u00e1monos a cada tipo de evento e orzamento.<\/p>\t\t\t\t<\/div>\n\t\t\t\t<\/div>\n\t\t\t\t<\/div>\n\t\t\t\t<\/div>\n\t\t\t\t\t<\/div>\n\t\t\t\t<\/div>\n\t\t<div class=\"elementor-element elementor-element-e5f7ce4 e-flex e-con-boxed e-con e-parent\" data-id=\"e5f7ce4\" data-element_type=\"container\" data-e-type=\"container\" data-settings=\"{&quot;background_background&quot;:&quot;classic&quot;}\">\n\t\t\t\t\t<div class=\"e-con-inner\">\n\t\t<div class=\"elementor-element elementor-element-55ed9ed e-con-full e-flex e-con e-child\" data-id=\"55ed9ed\" data-element_type=\"container\" data-e-type=\"container\">\n\t\t<div class=\"elementor-element elementor-element-aa52d23 e-con-full e-flex e-con e-child\" data-id=\"aa52d23\" data-element_type=\"container\" data-e-type=\"container\">\n\t\t<div class=\"elementor-element elementor-element-c1649e7 e-con-full e-flex e-con e-child\" data-id=\"c1649e7\" data-element_type=\"container\" data-e-type=\"container\" data-settings=\"{&quot;background_background&quot;:&quot;classic&quot;}\">\n\t\t\t\t<div class=\"elementor-element elementor-element-db81a56 elementor-widget elementor-widget-image\" data-id=\"db81a56\" data-element_type=\"widget\" data-e-type=\"widget\" data-widget_type=\"image.default\">\n\t\t\t\t\t\t\t\t\t\t\t\t\t\t\t<img fetchpriority=\"high\" decoding=\"async\" width=\"1200\" height=\"1200\" src=\"https:\/\/glassevents.es\/wp-content\/uploads\/2025\/08\/Diseno-sin-titulo-63.webp\" class=\"attachment-full size-full wp-image-1403\" alt=\"Logo de Glass Events\" title=\"Glass Events\">\t\t\t\t\t\t\t\t\t\t\t\t\t\t\t<\/div>\n\t\t\t\t<div class=\"elementor-element elementor-element-8168a53 elementor-widget elementor-widget-heading\" data-id=\"8168a53\" data-element_type=\"widget\" data-e-type=\"widget\" data-widget_type=\"heading.default\">\n\t\t\t\t\t<h2 class=\"elementor-heading-title elementor-size-default\">Buscas unha empresa seria, r\u00e1pida e profesional para o teu evento?<\/h2>\t\t\t\t<\/div>\n\t\t\t\t<div class=\"elementor-element elementor-element-31d8eef elementor-widget elementor-widget-text-editor\" data-id=\"31d8eef\" data-element_type=\"widget\" data-e-type=\"widget\" data-widget_type=\"text-editor.default\">\n\t\t\t\t\t\t\t\t\t<p>Contacta connosco e c\u00f3ntanos a t\u00faa idea.<\/p>\t\t\t\t\t\t\t\t<\/div>\n\t\t\t\t<div class=\"elementor-element elementor-element-298876e elementor-align-center elementor-widget elementor-widget-button\" data-id=\"298876e\" data-element_type=\"widget\" data-e-type=\"widget\" data-widget_type=\"button.default\">\n\t\t\t\t\t\t\t\t\t\t<a class=\"elementor-button elementor-button-link elementor-size-sm\" href=\"https:\/\/glassevents.es\/gl\/contacto\/\">\n\t\t\t\t\t\t<span class=\"elementor-button-content-wrapper\">\n\t\t\t\t\t\t\t\t\t<span class=\"elementor-button-text\">Contacto<\/span>\n\t\t\t\t\t<\/span>\n\t\t\t\t\t<\/a>\n\t\t\t\t\t\t\t\t<\/div>\n\t\t\t\t<\/div>\n\t\t\t\t<\/div>\n\t\t<div class=\"elementor-element elementor-element-299aab0 e-con-full e-flex e-con e-child\" data-id=\"299aab0\" data-element_type=\"container\" data-e-type=\"container\">\n\t\t\t\t<\/div>\n\t\t\t\t<\/div>\n\t\t\t\t\t<\/div>\n\t\t\t\t<\/div>\n\t\t\t\t<\/div>\n\t\t","protected":false},"excerpt":{"rendered":"<p>N\u00f3s Profesionais do espect\u00e1culo T\u00e9cnicos de confianza Apaixonados polos eventos Especialistas en son Especialistas en iluminaci\u00f3n En Glass Events levamos anos dedic\u00e1ndonos \u00e1 montaxe t\u00e9cnica de eventos en Galicia e o noroeste de Espa\u00f1a. Somos especialistas en: Escenarios m\u00f3biles Son profesional Iluminaci\u00f3n espectacular Asistencia t\u00e9cnica integral O noso traballo destaca pola calidade do equipo t\u00e9cnico, [&hellip;]<\/p>\n","protected":false},"author":1,"featured_media":0,"parent":0,"menu_order":0,"comment_status":"closed","ping_status":"closed","template":"","meta":{"site-sidebar-layout":"default","site-content-layout":"page-builder","ast-site-content-layout":"default","site-content-style":"default","site-sidebar-style":"default","ast-global-header-display":"","ast-banner-title-visibility":"","ast-main-header-display":"","ast-hfb-above-header-display":"","ast-hfb-below-header-display":"","ast-hfb-mobile-header-display":"","site-post-title":"disabled","ast-breadcrumbs-content":"disabled","ast-featured-img":"disabled","footer-sml-layout":"","ast-disable-related-posts":"","theme-transparent-header-meta":"enabled","adv-header-id-meta":"","stick-header-meta":"","header-above-stick-meta":"","header-main-stick-meta":"","header-below-stick-meta":"","astra-migrate-meta-layouts":"default","ast-page-background-enabled":"default","ast-page-background-meta":{"desktop":{"background-color":"","background-image":"","background-repeat":"repeat","background-position":"center center","background-size":"auto","background-attachment":"scroll","background-type":"","background-media":"","overlay-type":"","overlay-color":"","overlay-opacity":"","overlay-gradient":""},"tablet":{"background-color":"","background-image":"","background-repeat":"repeat","background-position":"center center","background-size":"auto","background-attachment":"scroll","background-type":"","background-media":"","overlay-type":"","overlay-color":"","overlay-opacity":"","overlay-gradient":""},"mobile":{"background-color":"","background-image":"","background-repeat":"repeat","background-position":"center center","background-size":"auto","background-attachment":"scroll","background-type":"","background-media":"","overlay-type":"","overlay-color":"","overlay-opacity":"","overlay-gradient":""}},"ast-content-background-meta":{"desktop":{"background-color":"var(--ast-global-color-5)","background-image":"","background-repeat":"repeat","background-position":"center center","background-size":"auto","background-attachment":"scroll","background-type":"","background-media":"","overlay-type":"","overlay-color":"","overlay-opacity":"","overlay-gradient":""},"tablet":{"background-color":"var(--ast-global-color-5)","background-image":"","background-repeat":"repeat","background-position":"center center","background-size":"auto","background-attachment":"scroll","background-type":"","background-media":"","overlay-type":"","overlay-color":"","overlay-opacity":"","overlay-gradient":""},"mobile":{"background-color":"var(--ast-global-color-5)","background-image":"","background-repeat":"repeat","background-position":"center center","background-size":"auto","background-attachment":"scroll","background-type":"","background-media":"","overlay-type":"","overlay-color":"","overlay-opacity":"","overlay-gradient":""}},"footnotes":""},"class_list":["post-1444","page","type-page","status-publish","hentry"],"_links":{"self":[{"href":"https:\/\/glassevents.es\/gl\/wp-json\/wp\/v2\/pages\/1444","targetHints":{"allow":["GET"]}}],"collection":[{"href":"https:\/\/glassevents.es\/gl\/wp-json\/wp\/v2\/pages"}],"about":[{"href":"https:\/\/glassevents.es\/gl\/wp-json\/wp\/v2\/types\/page"}],"author":[{"embeddable":true,"href":"https:\/\/glassevents.es\/gl\/wp-json\/wp\/v2\/users\/1"}],"replies":[{"embeddable":true,"href":"https:\/\/glassevents.es\/gl\/wp-json\/wp\/v2\/comments?post=1444"}],"version-history":[{"count":4,"href":"https:\/\/glassevents.es\/gl\/wp-json\/wp\/v2\/pages\/1444\/revisions"}],"predecessor-version":[{"id":1924,"href":"https:\/\/glassevents.es\/gl\/wp-json\/wp\/v2\/pages\/1444\/revisions\/1924"}],"wp:attachment":[{"href":"https:\/\/glassevents.es\/gl\/wp-json\/wp\/v2\/media?parent=1444"}],"curies":[{"name":"wp","href":"https:\/\/api.w.org\/{rel}","templated":true}]}}